{"id":282,"date":"2021-01-20T21:25:07","date_gmt":"2021-01-20T21:25:07","guid":{"rendered":"https:\/\/provision.com.ve\/wp\/?post_type=product&#038;p=282"},"modified":"2021-02-11T01:35:43","modified_gmt":"2021-02-11T01:35:43","slug":"smartcloud-18","status":"publish","type":"product","link":"https:\/\/provision.com.ve\/wp\/producto\/smartcloud-18\/","title":{"rendered":"SMARTCLOUD 18"},"content":{"rendered":"<div class=\"content-destaques\">\n<div>\n<div><img decoding=\"async\" class=\"aligncenter\" src=\"https:\/\/jflalarmes.com.br\/es\/wp-content\/uploads\/2018\/09\/jflalarmes-cloud_jflsmartcloud18-4.png\" \/><\/div>\n<div>\n<h2 style=\"text-align: center;\"><span style=\"color: #3366ff;\"><strong>Tecnolog\u00eda BUS<\/strong><\/span><\/h2>\n<p>Es una tecnolog\u00eda que posibilita la comunicaci\u00f3n entre la central\/panel de alarma y los sensores de BUS con apenas un par de cacles. Ahorro de cableado, organizaci\u00f3n del cableado, sensores con bajo consumo y supervisi\u00f3n peri\u00f3dica son algunas de las ventajas cuando s utiliza la tecnolog\u00eda BUS.<\/p>\n<\/div>\n<p><img decoding=\"async\" class=\"aligncenter\" src=\"https:\/\/jflalarmes.com.br\/es\/wp-content\/uploads\/2018\/09\/jflalarmes-cloud_jflsmartcloud18-1.png\" \/><\/p>\n<\/div>\n<div>\n<h2 style=\"text-align: center;\"><strong>Active Mobile<\/strong><\/h2>\n<p>A trav\u00e9s del Active Mobile usted puede controlar su central\/panel de alarma v\u00eda smartphone o Tablet en cualquier lugar y a cualquier hora. Por medio del Active Mobile es posible, por ejemplo: averiguar el estado de la central\/panel en tiempo real, inhibir zonas, activar\/desactivar la PGM, visualizar las zonas directamente en el plano y mucho m\u00e1s.<\/p>\n<h6>*<strong>Se hace necesario a\u00f1adir un m\u00f3dulo compatible (no incluido).<\/strong><\/h6>\n<\/div>\n<\/div>\n<div class=\"content-destaques\">\n<div><img decoding=\"async\" class=\"aligncenter\" src=\"https:\/\/jflalarmes.com.br\/es\/wp-content\/uploads\/2018\/09\/jflalarmes-cloud_jflsmartcloud18-2.png\" \/><\/div>\n<div>\n<h2 style=\"text-align: center;\"><strong>Conexi\u00f3n central\/panel y app<\/strong><\/h2>\n<p>Es muy f\u00e1cil conectar la central\/panel Jfl SmartCloud 18 al active Mobile. Vea a continuaci\u00f3n:<\/p>\n<ol>\n<li>Conectar el cacle al m\u00f3dulo ethernet*<\/li>\n<li>Descargar la aplicaci\u00f3n m\u00f3vil\/celular.<\/li>\n<li>Leer el c\u00f3digo QR.<\/li>\n<li>Realizar el registro a la nube<\/li>\n<\/ol>\n<h6><strong>*El m\u00f3dulo se vende por separado.<\/strong><\/h6>\n<\/div>\n<\/div>\n<div class=\"content-destaques\">\n<div><img decoding=\"async\" class=\"aligncenter\" src=\"https:\/\/jflalarmes.com.br\/es\/wp-content\/uploads\/2018\/09\/jflalarmes-cloud_jflsmartcloud18-3.png\" \/><\/div>\n<div>\n<h2 style=\"text-align: center;\"><strong>Facilidad de Instalaci\u00f3n<\/strong><\/h2>\n<p>La central\/panel JFL SmartCloud 18 acepta hasta 16 zonas de BUS y 2 zonas mixtas (zona mixta; acepta sensores al\u00e1mbricos, inal\u00e1mbricos 433,92MHz y controles remotos 433,92Mhz) instalaci\u00f3n r\u00e1pida, pr\u00e1ctica y econ\u00f3mica.<\/p>\n<\/div>\n<\/div>\n<div class=\"content-destaques\">\n<div><img decoding=\"async\" class=\"aligncenter\" src=\"https:\/\/jflalarmes.com.br\/es\/wp-content\/uploads\/2018\/09\/Automacao.png\" \/><\/div>\n<div>\n<h2 style=\"text-align: center;\"><strong>Automatizaci\u00f3n<\/strong><\/h2>\n<p>A trav\u00e9s de la salida PGM de la central\/panel de alarma es posible controlar remotamente diferentes dispositivos del hogar, como encender\/apagar una bombilla y abrir\/cerrar una puerta\/port\u00f3n automatizada. Para aumentar el n\u00famero de salidas, basta con agregar m\u00f3dulos PGMs*<\/p>\n<h6><strong>*Verificar el n\u00famero de salidas PGMs diponibles en la central\/panel de alarma. Se vende por separado.<\/strong><\/h6>\n<\/div>\n<\/div>\n<p>&nbsp;<\/p>\n<p>&nbsp;<\/p>\n","protected":false},"excerpt":{"rendered":"<p>Central\/panel de alarma de hasta 18 zonas con tecnolog\u00eda BUS y control por aplicaci\u00f3n m\u00f3vil\/celular.<\/p>\n","protected":false},"featured_media":281,"template":"","meta":[],"product_brand":[],"product_cat":[31,33],"product_tag":[],"class_list":{"0":"post-282","1":"product","2":"type-product","3":"status-publish","4":"has-post-thumbnail","6":"product_cat-alarmas","7":"product_cat-cloud","9":"first","10":"instock","11":"shipping-taxable","12":"product-type-simple"},"_links":{"self":[{"href":"https:\/\/provision.com.ve\/wp\/wp-json\/wp\/v2\/product\/282","targetHints":{"allow":["GET"]}}],"collection":[{"href":"https:\/\/provision.com.ve\/wp\/wp-json\/wp\/v2\/product"}],"about":[{"href":"https:\/\/provision.com.ve\/wp\/wp-json\/wp\/v2\/types\/product"}],"wp:featuredmedia":[{"embeddable":true,"href":"https:\/\/provision.com.ve\/wp\/wp-json\/wp\/v2\/media\/281"}],"wp:attachment":[{"href":"https:\/\/provision.com.ve\/wp\/wp-json\/wp\/v2\/media?parent=282"}],"wp:term":[{"taxonomy":"product_brand","embeddable":true,"href":"https:\/\/provision.com.ve\/wp\/wp-json\/wp\/v2\/product_brand?post=282"},{"taxonomy":"product_cat","embeddable":true,"href":"https:\/\/provision.com.ve\/wp\/wp-json\/wp\/v2\/product_cat?post=282"},{"taxonomy":"product_tag","embeddable":true,"href":"https:\/\/provision.com.ve\/wp\/wp-json\/wp\/v2\/product_tag?post=282"}],"curies":[{"name":"wp","href":"https:\/\/api.w.org\/{rel}","templated":true}]}}