{"id":363,"date":"2021-01-20T22:49:11","date_gmt":"2021-01-20T22:49:11","guid":{"rendered":"https:\/\/provision.com.ve\/wp\/?post_type=product&#038;p=363"},"modified":"2021-01-20T22:49:11","modified_gmt":"2021-01-20T22:49:11","slug":"dse-830","status":"publish","type":"product","link":"https:\/\/provision.com.ve\/wp\/producto\/dse-830\/","title":{"rendered":"DSE 830"},"content":{"rendered":"<ul>\n<li>2 canales PIR digital;<\/li>\n<li>1 canal microondas;<\/li>\n<li>Anti enmascaramiento (detecci\u00f3n de bloqueo);<\/li>\n<li>Funci\u00f3n PET (antimascota) 30kg;<\/li>\n<li>Opciones de detecci\u00f3n: PIR y microondas, s\u00f3lo PIR o s\u00f3lo microondas;<\/li>\n<li>3 niveles de sensibilidad;<\/li>\n<li>Protecci\u00f3n contra sabotaje (tamper);<\/li>\n<li>Cobertura de 15 metros y \u00e1ngulo de 90\u00ba;<\/li>\n<li>Indicado para exteriores.<\/li>\n<\/ul>\n","protected":false},"excerpt":{"rendered":"<p>Sensor infrarrojo pasivo PET (antimascota) PIR Digital para exteriores.<\/p>\n","protected":false},"featured_media":364,"template":"","meta":[],"product_brand":[],"product_cat":[31,45,43,44],"product_tag":[],"class_list":{"0":"post-363","1":"product","2":"type-product","3":"status-publish","4":"has-post-thumbnail","6":"product_cat-alarmas","7":"product_cat-cableados","8":"product_cat-detectores","9":"product_cat-pasivos","11":"first","12":"instock","13":"shipping-taxable","14":"product-type-simple"},"_links":{"self":[{"href":"https:\/\/provision.com.ve\/wp\/wp-json\/wp\/v2\/product\/363","targetHints":{"allow":["GET"]}}],"collection":[{"href":"https:\/\/provision.com.ve\/wp\/wp-json\/wp\/v2\/product"}],"about":[{"href":"https:\/\/provision.com.ve\/wp\/wp-json\/wp\/v2\/types\/product"}],"wp:featuredmedia":[{"embeddable":true,"href":"https:\/\/provision.com.ve\/wp\/wp-json\/wp\/v2\/media\/364"}],"wp:attachment":[{"href":"https:\/\/provision.com.ve\/wp\/wp-json\/wp\/v2\/media?parent=363"}],"wp:term":[{"taxonomy":"product_brand","embeddable":true,"href":"https:\/\/provision.com.ve\/wp\/wp-json\/wp\/v2\/product_brand?post=363"},{"taxonomy":"product_cat","embeddable":true,"href":"https:\/\/provision.com.ve\/wp\/wp-json\/wp\/v2\/product_cat?post=363"},{"taxonomy":"product_tag","embeddable":true,"href":"https:\/\/provision.com.ve\/wp\/wp-json\/wp\/v2\/product_tag?post=363"}],"curies":[{"name":"wp","href":"https:\/\/api.w.org\/{rel}","templated":true}]}}