{"id":367,"date":"2021-01-20T22:52:03","date_gmt":"2021-01-20T22:52:03","guid":{"rendered":"https:\/\/provision.com.ve\/wp\/?post_type=product&#038;p=367"},"modified":"2025-12-12T00:03:51","modified_gmt":"2025-12-12T00:03:51","slug":"ira-20","status":"publish","type":"product","link":"https:\/\/provision.com.ve\/wp\/producto\/ira-20\/","title":{"rendered":"IRA-20"},"content":{"rendered":"<p><img fetchpriority=\"high\" decoding=\"async\" class=\"size-full wp-image-650 aligncenter\" src=\"https:\/\/provision.com.ve\/wp\/wp-content\/uploads\/2025\/12\/MARCA-BRASIL.png\" alt=\"\" width=\"250\" height=\"280\" \/><\/p>\n<h2 style=\"text-align: center;\"><strong>Los mejores de Brasil<\/strong><\/h2>\n<div>\n<p>Por\u00a0<strong>7 a\u00f1os consecutivos<\/strong>, los sensores de JFL Alarmes fueron considerados los mejores del pa\u00eds, elegidos por quienes m\u00e1s entienden del tema, los profesionales de la seguridad electr\u00f3nica.<\/p>\n<h6>*Trio International Distinction en alianza con la revista Security Brasil.<\/h6>\n<\/div>\n<p><img decoding=\"async\" class=\"size-full wp-image-676 aligncenter\" src=\"https:\/\/provision.com.ve\/wp\/wp-content\/uploads\/2021\/01\/JFLalarmes-ira-20-2.png\" alt=\"\" width=\"200\" height=\"205\" \/><\/p>\n<h2 style=\"text-align: center;\"><strong>Antiaplastamiento<\/strong><\/h2>\n<div>\n<p>El sensor IRA-20 est\u00e1 indicado para portones automatizados y barreras vehiculares, para evitar que se cierren durante el paso de personas y autom\u00f3viles.<\/p>\n<\/div>\n<p><img decoding=\"async\" class=\"size-full wp-image-675 aligncenter\" src=\"https:\/\/provision.com.ve\/wp\/wp-content\/uploads\/2021\/01\/JFLalarmes-ira-20-3.png\" alt=\"\" width=\"200\" height=\"202\" srcset=\"https:\/\/provision.com.ve\/wp\/wp-content\/uploads\/2021\/01\/JFLalarmes-ira-20-3.png 200w, https:\/\/provision.com.ve\/wp\/wp-content\/uploads\/2021\/01\/JFLalarmes-ira-20-3-100x100.png 100w\" sizes=\"(max-width: 200px) 100vw, 200px\" \/><\/p>\n<h2 style=\"text-align: center;\"><strong>Compacto<\/strong><\/h2>\n<div>\n<p>Compacto, el IRA-20 puede ser de diversa maneras, dentro y fuera de residencias y empresas.<\/p>\n<\/div>\n<p><img loading=\"lazy\" decoding=\"async\" class=\"size-full wp-image-672 aligncenter\" src=\"https:\/\/provision.com.ve\/wp\/wp-content\/uploads\/2021\/01\/JFLalarmes-ira-315-digital-5.png\" alt=\"\" width=\"200\" height=\"200\" srcset=\"https:\/\/provision.com.ve\/wp\/wp-content\/uploads\/2021\/01\/JFLalarmes-ira-315-digital-5.png 200w, https:\/\/provision.com.ve\/wp\/wp-content\/uploads\/2021\/01\/JFLalarmes-ira-315-digital-5-150x150.png 150w, https:\/\/provision.com.ve\/wp\/wp-content\/uploads\/2021\/01\/JFLalarmes-ira-315-digital-5-100x100.png 100w\" sizes=\"(max-width: 200px) 100vw, 200px\" \/><\/p>\n<h2 style=\"text-align: center;\"><strong>F\u00e1cil alineamiento\/alineaci\u00f3n<\/strong><\/h2>\n<div>\n<p>A trav\u00e9s del alineamiento\/alineaci\u00f3n inteligente por LED indicador de n\u00edvel de la se\u00f1al, no hace falta la utilizaci\u00f3n de mult\u00edmetro.<\/p>\n<\/div>\n<p>&nbsp;<\/p>\n<p>&nbsp;<\/p>\n<p>&nbsp;<\/p>\n<p>&nbsp;<\/p>\n","protected":false},"excerpt":{"rendered":"<ul>\n<li>Sensor infrarrojo activo, haz \u00fanico de hasta 20 metros.<\/li>\n<\/ul>\n","protected":false},"featured_media":368,"template":"","meta":[],"product_brand":[],"product_cat":[47,43,49],"product_tag":[],"class_list":{"0":"post-367","1":"product","2":"type-product","3":"status-publish","4":"has-post-thumbnail","6":"product_cat-barreras-fotoelectricas","7":"product_cat-detectores","8":"product_cat-motores-porton","10":"first","11":"instock","12":"shipping-taxable","13":"product-type-simple"},"_links":{"self":[{"href":"https:\/\/provision.com.ve\/wp\/wp-json\/wp\/v2\/product\/367","targetHints":{"allow":["GET"]}}],"collection":[{"href":"https:\/\/provision.com.ve\/wp\/wp-json\/wp\/v2\/product"}],"about":[{"href":"https:\/\/provision.com.ve\/wp\/wp-json\/wp\/v2\/types\/product"}],"wp:featuredmedia":[{"embeddable":true,"href":"https:\/\/provision.com.ve\/wp\/wp-json\/wp\/v2\/media\/368"}],"wp:attachment":[{"href":"https:\/\/provision.com.ve\/wp\/wp-json\/wp\/v2\/media?parent=367"}],"wp:term":[{"taxonomy":"product_brand","embeddable":true,"href":"https:\/\/provision.com.ve\/wp\/wp-json\/wp\/v2\/product_brand?post=367"},{"taxonomy":"product_cat","embeddable":true,"href":"https:\/\/provision.com.ve\/wp\/wp-json\/wp\/v2\/product_cat?post=367"},{"taxonomy":"product_tag","embeddable":true,"href":"https:\/\/provision.com.ve\/wp\/wp-json\/wp\/v2\/product_tag?post=367"}],"curies":[{"name":"wp","href":"https:\/\/api.w.org\/{rel}","templated":true}]}}