{"id":375,"date":"2021-01-20T22:55:30","date_gmt":"2021-01-20T22:55:30","guid":{"rendered":"https:\/\/provision.com.ve\/wp\/?post_type=product&#038;p=375"},"modified":"2021-02-11T21:56:25","modified_gmt":"2021-02-11T21:56:25","slug":"idx-1001","status":"publish","type":"product","link":"https:\/\/provision.com.ve\/wp\/producto\/idx-1001\/","title":{"rendered":"IDX-1001"},"content":{"rendered":"<div class=\"content-destaques\">\n<div class=\"content-destaques\">\n<div><img decoding=\"async\" class=\"aligncenter\" src=\"https:\/\/jflalarmes.com.br\/es\/wp-content\/uploads\/2018\/10\/jflalarme-idx-1001-2.png\" \/><\/div>\n<div>\n<h2 style=\"text-align: center;\"><strong>Ajuste de sensibilidad<\/strong><\/h2>\n<p>Para facilitar el d\u00eda a d\u00eda del profesional de seguridad electr\u00f3nica, este sensor dispone de ajuste de sensibilidad de detecci\u00f3n, es decir, es posible personalizar la detecci\u00f3n en 3 niveles: m\u00ednima, media o m\u00e1xima. Ajuste precisos que conceden seguridad y evitan falsas alarmas.<\/p>\n<\/div>\n<\/div>\n<div class=\"content-destaques\">\n<div><img decoding=\"async\" class=\"aligncenter\" src=\"https:\/\/jflalarmes.com.br\/es\/wp-content\/uploads\/2018\/10\/jflalarme-idx-1001-3.png\" \/><\/div>\n<div>\n<h2 style=\"text-align: center;\"><strong>Compensaci\u00f3n de temperatura<\/strong><\/h2>\n<p>Los principales componentes internos del sensor cuentan con la capacidad de compensar autom\u00e1ticamente la temperatura, lo que permite alto rendimiento en la detecci\u00f3n del movimiento.<\/p>\n<\/div>\n<\/div>\n<\/div>\n<p>&nbsp;<\/p>\n<p>&nbsp;<\/p>\n","protected":false},"excerpt":{"rendered":"<p>Sensor infrarrojo pasivo PIR Dual.<\/p>\n","protected":false},"featured_media":376,"template":"","meta":[],"product_brand":[],"product_cat":[31,45,43,44],"product_tag":[],"class_list":{"0":"post-375","1":"product","2":"type-product","3":"status-publish","4":"has-post-thumbnail","6":"product_cat-alarmas","7":"product_cat-cableados","8":"product_cat-detectores","9":"product_cat-pasivos","11":"first","12":"instock","13":"shipping-taxable","14":"product-type-simple"},"_links":{"self":[{"href":"https:\/\/provision.com.ve\/wp\/wp-json\/wp\/v2\/product\/375","targetHints":{"allow":["GET"]}}],"collection":[{"href":"https:\/\/provision.com.ve\/wp\/wp-json\/wp\/v2\/product"}],"about":[{"href":"https:\/\/provision.com.ve\/wp\/wp-json\/wp\/v2\/types\/product"}],"wp:featuredmedia":[{"embeddable":true,"href":"https:\/\/provision.com.ve\/wp\/wp-json\/wp\/v2\/media\/376"}],"wp:attachment":[{"href":"https:\/\/provision.com.ve\/wp\/wp-json\/wp\/v2\/media?parent=375"}],"wp:term":[{"taxonomy":"product_brand","embeddable":true,"href":"https:\/\/provision.com.ve\/wp\/wp-json\/wp\/v2\/product_brand?post=375"},{"taxonomy":"product_cat","embeddable":true,"href":"https:\/\/provision.com.ve\/wp\/wp-json\/wp\/v2\/product_cat?post=375"},{"taxonomy":"product_tag","embeddable":true,"href":"https:\/\/provision.com.ve\/wp\/wp-json\/wp\/v2\/product_tag?post=375"}],"curies":[{"name":"wp","href":"https:\/\/api.w.org\/{rel}","templated":true}]}}